{"id":126,"date":"2025-12-09T08:43:59","date_gmt":"2025-12-09T08:43:59","guid":{"rendered":"https:\/\/axel-lecuyer.fr\/?page_id=126"},"modified":"2025-12-09T08:47:51","modified_gmt":"2025-12-09T08:47:51","slug":"stage-2eme-annee","status":"publish","type":"page","link":"https:\/\/axel-lecuyer.fr\/?page_id=126","title":{"rendered":"STAGE 2eme Ann\u00e9e"},"content":{"rendered":"\n<figure class=\"wp-block-table\"><table class=\"has-fixed-layout\"><tbody><tr><td>Entreprise d\u00e9march\u00e9e <\/td><td>Date de d\u00e9marchage <\/td><td>R\u00e9ponse <\/td><\/tr><tr><td><\/td><td><\/td><td><\/td><\/tr><\/tbody><\/table><\/figure>\n","protected":false},"excerpt":{"rendered":"<p>Entreprise d\u00e9march\u00e9e Date de d\u00e9marchage R\u00e9ponse<\/p>\n","protected":false},"author":1,"featured_media":0,"parent":0,"menu_order":0,"comment_status":"closed","ping_status":"closed","template":"","meta":{"footnotes":""},"class_list":["post-126","page","type-page","status-publish","hentry"],"_links":{"self":[{"href":"https:\/\/axel-lecuyer.fr\/index.php?rest_route=\/wp\/v2\/pages\/126","targetHints":{"allow":["GET"]}}],"collection":[{"href":"https:\/\/axel-lecuyer.fr\/index.php?rest_route=\/wp\/v2\/pages"}],"about":[{"href":"https:\/\/axel-lecuyer.fr\/index.php?rest_route=\/wp\/v2\/types\/page"}],"author":[{"embeddable":true,"href":"https:\/\/axel-lecuyer.fr\/index.php?rest_route=\/wp\/v2\/users\/1"}],"replies":[{"embeddable":true,"href":"https:\/\/axel-lecuyer.fr\/index.php?rest_route=%2Fwp%2Fv2%2Fcomments&post=126"}],"version-history":[{"count":2,"href":"https:\/\/axel-lecuyer.fr\/index.php?rest_route=\/wp\/v2\/pages\/126\/revisions"}],"predecessor-version":[{"id":131,"href":"https:\/\/axel-lecuyer.fr\/index.php?rest_route=\/wp\/v2\/pages\/126\/revisions\/131"}],"wp:attachment":[{"href":"https:\/\/axel-lecuyer.fr\/index.php?rest_route=%2Fwp%2Fv2%2Fmedia&parent=126"}],"curies":[{"name":"wp","href":"https:\/\/api.w.org\/{rel}","templated":true}]}}